{"id":35,"date":"2016-09-19T21:12:08","date_gmt":"2016-09-19T21:12:08","guid":{"rendered":"http:\/\/copitres.com\/home\/?page_id=35"},"modified":"2016-09-28T10:12:30","modified_gmt":"2016-09-28T10:12:30","slug":"konica-minolta-bizhub-25e","status":"publish","type":"page","link":"https:\/\/copitres.com\/home\/multifuncionais\/bw\/konica-minolta-bizhub-25e\/","title":{"rendered":"Konica Minolta Bizhub 25e"},"content":{"rendered":"<h2><img loading=\"lazy\" decoding=\"async\" class=\"alignnone size-full wp-image-203 aligncenter\" src=\"https:\/\/copitres.com\/home\/wp-content\/uploads\/2016\/09\/25e_-1.jpg\" alt=\"25e_\" width=\"525\" height=\"450\" srcset=\"https:\/\/copitres.com\/home\/wp-content\/uploads\/2016\/09\/25e_-1.jpg 525w, https:\/\/copitres.com\/home\/wp-content\/uploads\/2016\/09\/25e_-1-300x257.jpg 300w\" sizes=\"auto, (max-width: 525px) 100vw, 525px\" \/><\/h2>\n<h2><strong>Carater\u00edsticas Principais:<\/strong><\/h2>\n<ul>\n<li><strong>Velocidade A4:<\/strong>preto e branco\u00a025 ppm<\/li>\n<li><strong>Formatos de papel<\/strong><strong>:<\/strong>formatos\u00a0de\u00a0A4\u00a0a\u00a0A6 e\u00a0personalizados<\/li>\n<li><strong>Capacidade de papel:<\/strong>at\u00e9 2.100\u00a0folhas\u00a0em 5\u00a0bandejas<\/li>\n<li>Alimentador autom\u00e1tico de documentos com inversor<\/li>\n<li>Ecr\u00e3 t\u00e1ctil de 5,7polegadas\u00a0monocrom\u00e1tico<\/li>\n<\/ul>\n<p><img loading=\"lazy\" decoding=\"async\" class=\"alignnone wp-image-226\" src=\"https:\/\/copitres.com\/home\/wp-content\/uploads\/2016\/09\/pdf.png\" alt=\"pdf\" width=\"19\" height=\"18\" \/>\u00a0<a href=\"http:\/\/www.copitres.com\/home\/multifuncionaisbw\/bizhub_25e_FICHA_TECNICA_01.pdf\">Ficha T\u00e9cnica\u00a0Konica Minolta Bizhub 25e<\/a><\/p>\n<p>&nbsp;<\/p>\n","protected":false},"excerpt":{"rendered":"<p>Carater\u00edsticas Principais: Velocidade A4:preto e branco\u00a025 ppm Formatos de papel:formatos\u00a0de\u00a0A4\u00a0a\u00a0A6 e\u00a0personalizados Capacidade de papel:at\u00e9 2.100\u00a0folhas\u00a0em 5\u00a0bandejas Alimentador autom\u00e1tico de documentos com inversor Ecr\u00e3 t\u00e1ctil de 5,7polegadas\u00a0monocrom\u00e1tico \u00a0Ficha T\u00e9cnica\u00a0Konica Minolta Bizhub 25e &nbsp;<\/p>\n","protected":false},"author":3,"featured_media":0,"parent":31,"menu_order":0,"comment_status":"closed","ping_status":"closed","template":"","meta":{"footnotes":""},"class_list":["post-35","page","type-page","status-publish","hentry","post"],"_links":{"self":[{"href":"https:\/\/copitres.com\/home\/wp-json\/wp\/v2\/pages\/35","targetHints":{"allow":["GET"]}}],"collection":[{"href":"https:\/\/copitres.com\/home\/wp-json\/wp\/v2\/pages"}],"about":[{"href":"https:\/\/copitres.com\/home\/wp-json\/wp\/v2\/types\/page"}],"author":[{"embeddable":true,"href":"https:\/\/copitres.com\/home\/wp-json\/wp\/v2\/users\/3"}],"replies":[{"embeddable":true,"href":"https:\/\/copitres.com\/home\/wp-json\/wp\/v2\/comments?post=35"}],"version-history":[{"count":5,"href":"https:\/\/copitres.com\/home\/wp-json\/wp\/v2\/pages\/35\/revisions"}],"predecessor-version":[{"id":252,"href":"https:\/\/copitres.com\/home\/wp-json\/wp\/v2\/pages\/35\/revisions\/252"}],"up":[{"embeddable":true,"href":"https:\/\/copitres.com\/home\/wp-json\/wp\/v2\/pages\/31"}],"wp:attachment":[{"href":"https:\/\/copitres.com\/home\/wp-json\/wp\/v2\/media?parent=35"}],"curies":[{"name":"wp","href":"https:\/\/api.w.org\/{rel}","templated":true}]}}