{"id":75,"date":"2016-09-20T09:15:40","date_gmt":"2016-09-20T09:15:40","guid":{"rendered":"http:\/\/copitres.com\/home\/?page_id=75"},"modified":"2016-09-25T17:42:26","modified_gmt":"2016-09-25T17:42:26","slug":"software","status":"publish","type":"page","link":"https:\/\/copitres.com\/home\/software\/","title":{"rendered":"Software"},"content":{"rendered":"<p class=\"ecxmsonormal\" style=\"line-height: 13.5pt;\"><span style=\"font-size: 9.0pt; font-family: 'Arial',sans-serif; color: #555555;\">Software de Gest\u00e3o para impressoras e MFP de rede<\/span><\/p>\n<p class=\"ecxmsonormal\" style=\"line-height: 13.5pt;\"><span style=\"font-size: 9.0pt; font-family: 'Arial',sans-serif; color: #555555;\">Software de Impress\u00e3o<\/span><\/p>\n<p class=\"ecxmsonormal\" style=\"line-height: 13.5pt;\"><span style=\"font-size: 9.0pt; font-family: 'Arial',sans-serif; color: #555555;\">Software de Gest\u00e3o Documental e Digitaliza\u00e7\u00e3o<\/span><\/p>\n<p class=\"ecxmsonormal\" style=\"line-height: 13.5pt;\"><span style=\"font-size: 9.0pt; font-family: 'Arial',sans-serif; color: #555555;\">Software de fatura\u00e7\u00e3o<\/span><\/p>\n<p class=\"ecxmsonormal\" style=\"line-height: 13.5pt;\"><span style=\"font-size: 9.0pt; font-family: 'Arial',sans-serif; color: #555555;\">Software para venda a retalho<\/span><\/p>\n<p class=\"ecxmsonormal\" style=\"line-height: 13.5pt;\"><span style=\"font-size: 9.0pt; font-family: 'Arial',sans-serif; color: #555555;\">Software para restaura\u00e7\u00e3o<\/span><\/p>\n<p class=\"ecxmsonormal\" style=\"line-height: 13.5pt;\">\u00a0<img loading=\"lazy\" decoding=\"async\" class=\"alignnone size-full wp-image-115\" src=\"https:\/\/copitres.com\/home\/wp-content\/uploads\/2016\/09\/zonesoft-1.jpg\" alt=\"zonesoft\" width=\"450\" height=\"100\" srcset=\"https:\/\/copitres.com\/home\/wp-content\/uploads\/2016\/09\/zonesoft-1.jpg 450w, https:\/\/copitres.com\/home\/wp-content\/uploads\/2016\/09\/zonesoft-1-300x67.jpg 300w\" sizes=\"auto, (max-width: 450px) 100vw, 450px\" \/><\/p>\n","protected":false},"excerpt":{"rendered":"<p>Software de Gest\u00e3o para impressoras e MFP de rede Software de Impress\u00e3o Software de Gest\u00e3o Documental e Digitaliza\u00e7\u00e3o Software de fatura\u00e7\u00e3o Software para venda a retalho Software para restaura\u00e7\u00e3o \u00a0<\/p>\n","protected":false},"author":3,"featured_media":0,"parent":0,"menu_order":0,"comment_status":"closed","ping_status":"closed","template":"","meta":{"footnotes":""},"class_list":["post-75","page","type-page","status-publish","hentry","post"],"_links":{"self":[{"href":"https:\/\/copitres.com\/home\/wp-json\/wp\/v2\/pages\/75","targetHints":{"allow":["GET"]}}],"collection":[{"href":"https:\/\/copitres.com\/home\/wp-json\/wp\/v2\/pages"}],"about":[{"href":"https:\/\/copitres.com\/home\/wp-json\/wp\/v2\/types\/page"}],"author":[{"embeddable":true,"href":"https:\/\/copitres.com\/home\/wp-json\/wp\/v2\/users\/3"}],"replies":[{"embeddable":true,"href":"https:\/\/copitres.com\/home\/wp-json\/wp\/v2\/comments?post=75"}],"version-history":[{"count":4,"href":"https:\/\/copitres.com\/home\/wp-json\/wp\/v2\/pages\/75\/revisions"}],"predecessor-version":[{"id":116,"href":"https:\/\/copitres.com\/home\/wp-json\/wp\/v2\/pages\/75\/revisions\/116"}],"wp:attachment":[{"href":"https:\/\/copitres.com\/home\/wp-json\/wp\/v2\/media?parent=75"}],"curies":[{"name":"wp","href":"https:\/\/api.w.org\/{rel}","templated":true}]}}