{"id":78,"date":"2016-09-20T09:17:30","date_gmt":"2016-09-20T09:17:30","guid":{"rendered":"http:\/\/copitres.com\/home\/?page_id=78"},"modified":"2016-09-25T17:52:54","modified_gmt":"2016-09-25T17:52:54","slug":"consumiveis","status":"publish","type":"page","link":"https:\/\/copitres.com\/home\/consumiveis\/","title":{"rendered":"Consum\u00edveis"},"content":{"rendered":"<p>Comercializamos todo o tipo de Toners e Tinteiros Originais ou Compat\u00edveis para os Seus Equipamentos, Rentabilizando ao m\u00e1ximo o Seu neg\u00f3cio.<img loading=\"lazy\" decoding=\"async\" class=\"alignnone size-full wp-image-99\" src=\"https:\/\/copitres.com\/home\/wp-content\/uploads\/2016\/09\/consumiveis.jpg\" alt=\"consumiveis\" width=\"800\" height=\"533\" srcset=\"https:\/\/copitres.com\/home\/wp-content\/uploads\/2016\/09\/consumiveis.jpg 800w, https:\/\/copitres.com\/home\/wp-content\/uploads\/2016\/09\/consumiveis-300x200.jpg 300w, https:\/\/copitres.com\/home\/wp-content\/uploads\/2016\/09\/consumiveis-768x512.jpg 768w, https:\/\/copitres.com\/home\/wp-content\/uploads\/2016\/09\/consumiveis-272x182.jpg 272w\" sizes=\"auto, (max-width: 800px) 100vw, 800px\" \/><\/p>\n","protected":false},"excerpt":{"rendered":"<p>Comercializamos todo o tipo de Toners e Tinteiros Originais ou Compat\u00edveis para os Seus Equipamentos, Rentabilizando ao m\u00e1ximo o Seu neg\u00f3cio.<\/p>\n","protected":false},"author":3,"featured_media":0,"parent":0,"menu_order":0,"comment_status":"closed","ping_status":"closed","template":"","meta":{"footnotes":""},"class_list":["post-78","page","type-page","status-publish","hentry","post"],"_links":{"self":[{"href":"https:\/\/copitres.com\/home\/wp-json\/wp\/v2\/pages\/78","targetHints":{"allow":["GET"]}}],"collection":[{"href":"https:\/\/copitres.com\/home\/wp-json\/wp\/v2\/pages"}],"about":[{"href":"https:\/\/copitres.com\/home\/wp-json\/wp\/v2\/types\/page"}],"author":[{"embeddable":true,"href":"https:\/\/copitres.com\/home\/wp-json\/wp\/v2\/users\/3"}],"replies":[{"embeddable":true,"href":"https:\/\/copitres.com\/home\/wp-json\/wp\/v2\/comments?post=78"}],"version-history":[{"count":2,"href":"https:\/\/copitres.com\/home\/wp-json\/wp\/v2\/pages\/78\/revisions"}],"predecessor-version":[{"id":138,"href":"https:\/\/copitres.com\/home\/wp-json\/wp\/v2\/pages\/78\/revisions\/138"}],"wp:attachment":[{"href":"https:\/\/copitres.com\/home\/wp-json\/wp\/v2\/media?parent=78"}],"curies":[{"name":"wp","href":"https:\/\/api.w.org\/{rel}","templated":true}]}}